{"id":10,"date":"2021-09-06T09:43:00","date_gmt":"2021-09-06T09:43:00","guid":{"rendered":"https:\/\/moi-femme.com\/?page_id=2"},"modified":"2022-02-03T17:47:42","modified_gmt":"2022-02-03T16:47:42","slug":"livres","status":"publish","type":"page","link":"https:\/\/moi-femme.com\/OK\/livres\/","title":{"rendered":"Livres"},"content":{"rendered":"<p>D\u00e9couvrez notre collection \u00ab\u00a0Rouge Intense\u00a0\u00bb sp\u00e9cialement cr\u00e9\u00e9e pour les femmes qui aiment les hommes !<br \/>\nVous trouverez ci-dessous les premiers livres publi\u00e9s : \u00ab\u00a0Les Jeux Coquins de V\u00e9ra\u00a0\u00bb de V\u00e9ra Kadinsky. Une suite de 12 cahiers d&rsquo;activit\u00e9s pour couples h\u00e9t\u00e9ros m\u00ealant activit\u00e9s sexuelles, de connexion, de communication, de jeux, etc. A raison d&rsquo;une activit\u00e9 (facultative) chaque jour, les couples peuvent ainsi se red\u00e9couvrir ou tout simplement am\u00e9liorer leur relation, ainsi que fuir la monotonie quotidienne. Le rythme de parution de ces cahiers est d&rsquo;un par mois avec 3 mois d&rsquo;avance. Amusez-vous !<\/p>\n<p>&nbsp;<\/p>\n<table>\n<tbody>\n<tr>\n<td><a href=\"https:\/\/moi-femme.com\/jeux-coquins-pour-couple-janvier\/\"><img loading=\"lazy\" decoding=\"async\" class=\"alignnone size-medium wp-image-269\" src=\"https:\/\/moi-femme.com\/wp-content\/uploads\/2022\/01\/Cover-Jeux-Vera-01-Janvier-201x300.png\" alt=\"\" width=\"201\" height=\"300\" srcset=\"https:\/\/moi-femme.com\/OK\/wp-content\/uploads\/2022\/01\/Cover-Jeux-Vera-01-Janvier-201x300.png 201w, https:\/\/moi-femme.com\/OK\/wp-content\/uploads\/2022\/01\/Cover-Jeux-Vera-01-Janvier-scaled-300x448.png 300w, https:\/\/moi-femme.com\/OK\/wp-content\/uploads\/2022\/01\/Cover-Jeux-Vera-01-Janvier-600x895.png 600w, https:\/\/moi-femme.com\/OK\/wp-content\/uploads\/2022\/01\/Cover-Jeux-Vera-01-Janvier-686x1024.png 686w, https:\/\/moi-femme.com\/OK\/wp-content\/uploads\/2022\/01\/Cover-Jeux-Vera-01-Janvier-768x1146.png 768w, https:\/\/moi-femme.com\/OK\/wp-content\/uploads\/2022\/01\/Cover-Jeux-Vera-01-Janvier-1030x1536.png 1030w, https:\/\/moi-femme.com\/OK\/wp-content\/uploads\/2022\/01\/Cover-Jeux-Vera-01-Janvier-1373x2048.png 1373w, https:\/\/moi-femme.com\/OK\/wp-content\/uploads\/2022\/01\/Cover-Jeux-Vera-01-Janvier-610x910.png 610w, https:\/\/moi-femme.com\/OK\/wp-content\/uploads\/2022\/01\/Cover-Jeux-Vera-01-Janvier-1320x1969.png 1320w, https:\/\/moi-femme.com\/OK\/wp-content\/uploads\/2022\/01\/Cover-Jeux-Vera-01-Janvier-scaled.png 1716w\" sizes=\"auto, (max-width: 201px) 100vw, 201px\" \/><\/a><\/td>\n<td><a href=\"https:\/\/moi-femme.com\/jeux-coquins-pour-couple-fevrier\/\"><img loading=\"lazy\" decoding=\"async\" class=\"alignnone size-medium wp-image-270\" src=\"https:\/\/moi-femme.com\/wp-content\/uploads\/2022\/01\/Cover-Jeux-Vera-02-Fevrier-201x300.png\" alt=\"\" width=\"201\" height=\"300\" srcset=\"https:\/\/moi-femme.com\/OK\/wp-content\/uploads\/2022\/01\/Cover-Jeux-Vera-02-Fevrier-201x300.png 201w, https:\/\/moi-femme.com\/OK\/wp-content\/uploads\/2022\/01\/Cover-Jeux-Vera-02-Fevrier-scaled-300x448.png 300w, https:\/\/moi-femme.com\/OK\/wp-content\/uploads\/2022\/01\/Cover-Jeux-Vera-02-Fevrier-600x895.png 600w, https:\/\/moi-femme.com\/OK\/wp-content\/uploads\/2022\/01\/Cover-Jeux-Vera-02-Fevrier-686x1024.png 686w, https:\/\/moi-femme.com\/OK\/wp-content\/uploads\/2022\/01\/Cover-Jeux-Vera-02-Fevrier-768x1146.png 768w, https:\/\/moi-femme.com\/OK\/wp-content\/uploads\/2022\/01\/Cover-Jeux-Vera-02-Fevrier-1030x1536.png 1030w, https:\/\/moi-femme.com\/OK\/wp-content\/uploads\/2022\/01\/Cover-Jeux-Vera-02-Fevrier-1373x2048.png 1373w, https:\/\/moi-femme.com\/OK\/wp-content\/uploads\/2022\/01\/Cover-Jeux-Vera-02-Fevrier-610x910.png 610w, https:\/\/moi-femme.com\/OK\/wp-content\/uploads\/2022\/01\/Cover-Jeux-Vera-02-Fevrier-1320x1969.png 1320w, https:\/\/moi-femme.com\/OK\/wp-content\/uploads\/2022\/01\/Cover-Jeux-Vera-02-Fevrier-scaled.png 1716w\" sizes=\"auto, (max-width: 201px) 100vw, 201px\" \/><\/a><\/td>\n<td><a href=\"https:\/\/moi-femme.com\/jeux-coquins-pour-couple-mars\/\"><img loading=\"lazy\" decoding=\"async\" class=\"alignnone size-medium wp-image-271\" src=\"https:\/\/moi-femme.com\/wp-content\/uploads\/2022\/01\/Cover-Jeux-Vera-03-Mars-201x300.png\" alt=\"\" width=\"201\" height=\"300\" srcset=\"https:\/\/moi-femme.com\/OK\/wp-content\/uploads\/2022\/01\/Cover-Jeux-Vera-03-Mars-201x300.png 201w, https:\/\/moi-femme.com\/OK\/wp-content\/uploads\/2022\/01\/Cover-Jeux-Vera-03-Mars-scaled-300x448.png 300w, https:\/\/moi-femme.com\/OK\/wp-content\/uploads\/2022\/01\/Cover-Jeux-Vera-03-Mars-600x895.png 600w, https:\/\/moi-femme.com\/OK\/wp-content\/uploads\/2022\/01\/Cover-Jeux-Vera-03-Mars-686x1024.png 686w, https:\/\/moi-femme.com\/OK\/wp-content\/uploads\/2022\/01\/Cover-Jeux-Vera-03-Mars-768x1146.png 768w, https:\/\/moi-femme.com\/OK\/wp-content\/uploads\/2022\/01\/Cover-Jeux-Vera-03-Mars-1030x1536.png 1030w, https:\/\/moi-femme.com\/OK\/wp-content\/uploads\/2022\/01\/Cover-Jeux-Vera-03-Mars-1373x2048.png 1373w, https:\/\/moi-femme.com\/OK\/wp-content\/uploads\/2022\/01\/Cover-Jeux-Vera-03-Mars-610x910.png 610w, https:\/\/moi-femme.com\/OK\/wp-content\/uploads\/2022\/01\/Cover-Jeux-Vera-03-Mars-1320x1969.png 1320w, https:\/\/moi-femme.com\/OK\/wp-content\/uploads\/2022\/01\/Cover-Jeux-Vera-03-Mars-scaled.png 1716w\" sizes=\"auto, (max-width: 201px) 100vw, 201px\" \/><\/a><\/td>\n<td><a href=\"https:\/\/moi-femme.com\/jeux-coquins-pour-couple-avril\/\"><img loading=\"lazy\" decoding=\"async\" class=\"alignnone size-medium wp-image-272\" src=\"https:\/\/moi-femme.com\/wp-content\/uploads\/2022\/01\/Cover-Jeux-Vera-04-Avril-201x300.png\" alt=\"\" width=\"201\" height=\"300\" srcset=\"https:\/\/moi-femme.com\/OK\/wp-content\/uploads\/2022\/01\/Cover-Jeux-Vera-04-Avril-201x300.png 201w, https:\/\/moi-femme.com\/OK\/wp-content\/uploads\/2022\/01\/Cover-Jeux-Vera-04-Avril-scaled-300x448.png 300w, https:\/\/moi-femme.com\/OK\/wp-content\/uploads\/2022\/01\/Cover-Jeux-Vera-04-Avril-600x895.png 600w, https:\/\/moi-femme.com\/OK\/wp-content\/uploads\/2022\/01\/Cover-Jeux-Vera-04-Avril-686x1024.png 686w, https:\/\/moi-femme.com\/OK\/wp-content\/uploads\/2022\/01\/Cover-Jeux-Vera-04-Avril-768x1146.png 768w, https:\/\/moi-femme.com\/OK\/wp-content\/uploads\/2022\/01\/Cover-Jeux-Vera-04-Avril-1030x1536.png 1030w, https:\/\/moi-femme.com\/OK\/wp-content\/uploads\/2022\/01\/Cover-Jeux-Vera-04-Avril-1373x2048.png 1373w, https:\/\/moi-femme.com\/OK\/wp-content\/uploads\/2022\/01\/Cover-Jeux-Vera-04-Avril-610x910.png 610w, https:\/\/moi-femme.com\/OK\/wp-content\/uploads\/2022\/01\/Cover-Jeux-Vera-04-Avril-1320x1969.png 1320w, https:\/\/moi-femme.com\/OK\/wp-content\/uploads\/2022\/01\/Cover-Jeux-Vera-04-Avril-scaled.png 1716w\" sizes=\"auto, (max-width: 201px) 100vw, 201px\" \/><\/a><\/td>\n<\/tr>\n<tr>\n<td><img loading=\"lazy\" decoding=\"async\" class=\"alignnone size-medium wp-image-273\" src=\"https:\/\/moi-femme.com\/wp-content\/uploads\/2022\/01\/Cover-Jeux-Vera-08-Prepa-201x300.png\" alt=\"\" width=\"201\" height=\"300\" srcset=\"https:\/\/moi-femme.com\/OK\/wp-content\/uploads\/2022\/01\/Cover-Jeux-Vera-08-Prepa-201x300.png 201w, https:\/\/moi-femme.com\/OK\/wp-content\/uploads\/2022\/01\/Cover-Jeux-Vera-08-Prepa-scaled-300x448.png 300w, https:\/\/moi-femme.com\/OK\/wp-content\/uploads\/2022\/01\/Cover-Jeux-Vera-08-Prepa-600x895.png 600w, https:\/\/moi-femme.com\/OK\/wp-content\/uploads\/2022\/01\/Cover-Jeux-Vera-08-Prepa-686x1024.png 686w, https:\/\/moi-femme.com\/OK\/wp-content\/uploads\/2022\/01\/Cover-Jeux-Vera-08-Prepa-768x1146.png 768w, https:\/\/moi-femme.com\/OK\/wp-content\/uploads\/2022\/01\/Cover-Jeux-Vera-08-Prepa-1030x1536.png 1030w, https:\/\/moi-femme.com\/OK\/wp-content\/uploads\/2022\/01\/Cover-Jeux-Vera-08-Prepa-1373x2048.png 1373w, https:\/\/moi-femme.com\/OK\/wp-content\/uploads\/2022\/01\/Cover-Jeux-Vera-08-Prepa-610x910.png 610w, https:\/\/moi-femme.com\/OK\/wp-content\/uploads\/2022\/01\/Cover-Jeux-Vera-08-Prepa-1320x1969.png 1320w, https:\/\/moi-femme.com\/OK\/wp-content\/uploads\/2022\/01\/Cover-Jeux-Vera-08-Prepa-scaled.png 1716w\" sizes=\"auto, (max-width: 201px) 100vw, 201px\" \/><\/td>\n<td><img loading=\"lazy\" decoding=\"async\" class=\"alignnone size-medium wp-image-273\" src=\"https:\/\/moi-femme.com\/wp-content\/uploads\/2022\/01\/Cover-Jeux-Vera-08-Prepa-201x300.png\" alt=\"\" width=\"201\" height=\"300\" srcset=\"https:\/\/moi-femme.com\/OK\/wp-content\/uploads\/2022\/01\/Cover-Jeux-Vera-08-Prepa-201x300.png 201w, https:\/\/moi-femme.com\/OK\/wp-content\/uploads\/2022\/01\/Cover-Jeux-Vera-08-Prepa-scaled-300x448.png 300w, https:\/\/moi-femme.com\/OK\/wp-content\/uploads\/2022\/01\/Cover-Jeux-Vera-08-Prepa-600x895.png 600w, https:\/\/moi-femme.com\/OK\/wp-content\/uploads\/2022\/01\/Cover-Jeux-Vera-08-Prepa-686x1024.png 686w, https:\/\/moi-femme.com\/OK\/wp-content\/uploads\/2022\/01\/Cover-Jeux-Vera-08-Prepa-768x1146.png 768w, https:\/\/moi-femme.com\/OK\/wp-content\/uploads\/2022\/01\/Cover-Jeux-Vera-08-Prepa-1030x1536.png 1030w, https:\/\/moi-femme.com\/OK\/wp-content\/uploads\/2022\/01\/Cover-Jeux-Vera-08-Prepa-1373x2048.png 1373w, https:\/\/moi-femme.com\/OK\/wp-content\/uploads\/2022\/01\/Cover-Jeux-Vera-08-Prepa-610x910.png 610w, https:\/\/moi-femme.com\/OK\/wp-content\/uploads\/2022\/01\/Cover-Jeux-Vera-08-Prepa-1320x1969.png 1320w, https:\/\/moi-femme.com\/OK\/wp-content\/uploads\/2022\/01\/Cover-Jeux-Vera-08-Prepa-scaled.png 1716w\" sizes=\"auto, (max-width: 201px) 100vw, 201px\" \/><\/td>\n<td><img loading=\"lazy\" decoding=\"async\" class=\"alignnone size-medium wp-image-273\" src=\"https:\/\/moi-femme.com\/wp-content\/uploads\/2022\/01\/Cover-Jeux-Vera-08-Prepa-201x300.png\" alt=\"\" width=\"201\" height=\"300\" srcset=\"https:\/\/moi-femme.com\/OK\/wp-content\/uploads\/2022\/01\/Cover-Jeux-Vera-08-Prepa-201x300.png 201w, https:\/\/moi-femme.com\/OK\/wp-content\/uploads\/2022\/01\/Cover-Jeux-Vera-08-Prepa-scaled-300x448.png 300w, https:\/\/moi-femme.com\/OK\/wp-content\/uploads\/2022\/01\/Cover-Jeux-Vera-08-Prepa-600x895.png 600w, https:\/\/moi-femme.com\/OK\/wp-content\/uploads\/2022\/01\/Cover-Jeux-Vera-08-Prepa-686x1024.png 686w, https:\/\/moi-femme.com\/OK\/wp-content\/uploads\/2022\/01\/Cover-Jeux-Vera-08-Prepa-768x1146.png 768w, https:\/\/moi-femme.com\/OK\/wp-content\/uploads\/2022\/01\/Cover-Jeux-Vera-08-Prepa-1030x1536.png 1030w, https:\/\/moi-femme.com\/OK\/wp-content\/uploads\/2022\/01\/Cover-Jeux-Vera-08-Prepa-1373x2048.png 1373w, https:\/\/moi-femme.com\/OK\/wp-content\/uploads\/2022\/01\/Cover-Jeux-Vera-08-Prepa-610x910.png 610w, https:\/\/moi-femme.com\/OK\/wp-content\/uploads\/2022\/01\/Cover-Jeux-Vera-08-Prepa-1320x1969.png 1320w, https:\/\/moi-femme.com\/OK\/wp-content\/uploads\/2022\/01\/Cover-Jeux-Vera-08-Prepa-scaled.png 1716w\" sizes=\"auto, (max-width: 201px) 100vw, 201px\" \/><\/td>\n<td><img loading=\"lazy\" decoding=\"async\" class=\"alignnone size-medium wp-image-273\" src=\"https:\/\/moi-femme.com\/wp-content\/uploads\/2022\/01\/Cover-Jeux-Vera-08-Prepa-201x300.png\" alt=\"\" width=\"201\" height=\"300\" srcset=\"https:\/\/moi-femme.com\/OK\/wp-content\/uploads\/2022\/01\/Cover-Jeux-Vera-08-Prepa-201x300.png 201w, https:\/\/moi-femme.com\/OK\/wp-content\/uploads\/2022\/01\/Cover-Jeux-Vera-08-Prepa-scaled-300x448.png 300w, https:\/\/moi-femme.com\/OK\/wp-content\/uploads\/2022\/01\/Cover-Jeux-Vera-08-Prepa-600x895.png 600w, https:\/\/moi-femme.com\/OK\/wp-content\/uploads\/2022\/01\/Cover-Jeux-Vera-08-Prepa-686x1024.png 686w, https:\/\/moi-femme.com\/OK\/wp-content\/uploads\/2022\/01\/Cover-Jeux-Vera-08-Prepa-768x1146.png 768w, https:\/\/moi-femme.com\/OK\/wp-content\/uploads\/2022\/01\/Cover-Jeux-Vera-08-Prepa-1030x1536.png 1030w, https:\/\/moi-femme.com\/OK\/wp-content\/uploads\/2022\/01\/Cover-Jeux-Vera-08-Prepa-1373x2048.png 1373w, https:\/\/moi-femme.com\/OK\/wp-content\/uploads\/2022\/01\/Cover-Jeux-Vera-08-Prepa-610x910.png 610w, https:\/\/moi-femme.com\/OK\/wp-content\/uploads\/2022\/01\/Cover-Jeux-Vera-08-Prepa-1320x1969.png 1320w, https:\/\/moi-femme.com\/OK\/wp-content\/uploads\/2022\/01\/Cover-Jeux-Vera-08-Prepa-scaled.png 1716w\" sizes=\"auto, (max-width: 201px) 100vw, 201px\" \/><\/td>\n<\/tr>\n<\/tbody>\n<\/table>\n<p>D&rsquo;autres livres vont s&rsquo;ajouter dans les semaines et les mois \u00e0 venir sur diff\u00e9rents th\u00e8mes.<br \/>\nN&rsquo;h\u00e9sitez pas vous inscrire \u00e0 notre newsletter qui vous avertira d\u00e8s qu&rsquo;un nouveau livre vient de para\u00eetre &#8230;<\/p>\n","protected":false},"excerpt":{"rendered":"<p>D\u00e9couvrez notre collection \u00ab\u00a0Rouge Intense\u00a0\u00bb sp\u00e9cialement cr\u00e9\u00e9e pour les femmes qui aiment les hommes ! Vous trouverez ci-dessous les premiers livres publi\u00e9s : \u00ab\u00a0Les Jeux Coquins de V\u00e9ra\u00a0\u00bb de V\u00e9ra Kadinsky. Une suite de 12 cahiers d&rsquo;activit\u00e9s pour couples h\u00e9t\u00e9ros m\u00ealant activit\u00e9s sexuelles, de connexion, de communication, de jeux, etc. A raison d&rsquo;une activit\u00e9 (facultative) [&hellip;]<\/p>\n","protected":false},"author":1,"featured_media":0,"parent":0,"menu_order":0,"comment_status":"closed","ping_status":"open","template":"","meta":{"ocean_post_layout":"","ocean_both_sidebars_style":"","ocean_both_sidebars_content_width":0,"ocean_both_sidebars_sidebars_width":0,"ocean_sidebar":"","ocean_second_sidebar":"","ocean_disable_margins":"enable","ocean_add_body_class":"","ocean_shortcode_before_top_bar":"","ocean_shortcode_after_top_bar":"","ocean_shortcode_before_header":"","ocean_shortcode_after_header":"","ocean_has_shortcode":"","ocean_shortcode_after_title":"","ocean_shortcode_before_footer_widgets":"","ocean_shortcode_after_footer_widgets":"","ocean_shortcode_before_footer_bottom":"","ocean_shortcode_after_footer_bottom":"","ocean_display_top_bar":"default","ocean_display_header":"default","ocean_header_style":"","ocean_center_header_left_menu":"","ocean_custom_header_template":"","ocean_custom_logo":0,"ocean_custom_retina_logo":0,"ocean_custom_logo_max_width":0,"ocean_custom_logo_tablet_max_width":0,"ocean_custom_logo_mobile_max_width":0,"ocean_custom_logo_max_height":0,"ocean_custom_logo_tablet_max_height":0,"ocean_custom_logo_mobile_max_height":0,"ocean_header_custom_menu":"","ocean_menu_typo_font_family":"","ocean_menu_typo_font_subset":"","ocean_menu_typo_font_size":0,"ocean_menu_typo_font_size_tablet":0,"ocean_menu_typo_font_size_mobile":0,"ocean_menu_typo_font_size_unit":"px","ocean_menu_typo_font_weight":"","ocean_menu_typo_font_weight_tablet":"","ocean_menu_typo_font_weight_mobile":"","ocean_menu_typo_transform":"","ocean_menu_typo_transform_tablet":"","ocean_menu_typo_transform_mobile":"","ocean_menu_typo_line_height":0,"ocean_menu_typo_line_height_tablet":0,"ocean_menu_typo_line_height_mobile":0,"ocean_menu_typo_line_height_unit":"","ocean_menu_typo_spacing":0,"ocean_menu_typo_spacing_tablet":0,"ocean_menu_typo_spacing_mobile":0,"ocean_menu_typo_spacing_unit":"","ocean_menu_link_color":"","ocean_menu_link_color_hover":"","ocean_menu_link_color_active":"","ocean_menu_link_background":"","ocean_menu_link_hover_background":"","ocean_menu_link_active_background":"","ocean_menu_social_links_bg":"","ocean_menu_social_hover_links_bg":"","ocean_menu_social_links_color":"","ocean_menu_social_hover_links_color":"","ocean_disable_title":"default","ocean_disable_heading":"default","ocean_post_title":"","ocean_post_subheading":"","ocean_post_title_style":"","ocean_post_title_background_color":"","ocean_post_title_background":0,"ocean_post_title_bg_image_position":"","ocean_post_title_bg_image_attachment":"","ocean_post_title_bg_image_repeat":"","ocean_post_title_bg_image_size":"","ocean_post_title_height":0,"ocean_post_title_bg_overlay":0.5,"ocean_post_title_bg_overlay_color":"","ocean_disable_breadcrumbs":"default","ocean_breadcrumbs_color":"","ocean_breadcrumbs_separator_color":"","ocean_breadcrumbs_links_color":"","ocean_breadcrumbs_links_hover_color":"","ocean_display_footer_widgets":"default","ocean_display_footer_bottom":"default","ocean_custom_footer_template":"","footnotes":""},"class_list":["post-10","page","type-page","status-publish","hentry","entry","owp-thumbs-layout-horizontal","owp-btn-normal","owp-tabs-layout-horizontal","has-no-thumbnails","has-product-nav"],"_links":{"self":[{"href":"https:\/\/moi-femme.com\/OK\/wp-json\/wp\/v2\/pages\/10","targetHints":{"allow":["GET"]}}],"collection":[{"href":"https:\/\/moi-femme.com\/OK\/wp-json\/wp\/v2\/pages"}],"about":[{"href":"https:\/\/moi-femme.com\/OK\/wp-json\/wp\/v2\/types\/page"}],"author":[{"embeddable":true,"href":"https:\/\/moi-femme.com\/OK\/wp-json\/wp\/v2\/users\/1"}],"replies":[{"embeddable":true,"href":"https:\/\/moi-femme.com\/OK\/wp-json\/wp\/v2\/comments?post=10"}],"version-history":[{"count":0,"href":"https:\/\/moi-femme.com\/OK\/wp-json\/wp\/v2\/pages\/10\/revisions"}],"wp:attachment":[{"href":"https:\/\/moi-femme.com\/OK\/wp-json\/wp\/v2\/media?parent=10"}],"curies":[{"name":"wp","href":"https:\/\/api.w.org\/{rel}","templated":true}]}}